{"id":328,"date":"2021-02-05T19:27:08","date_gmt":"2021-02-05T19:27:08","guid":{"rendered":"https:\/\/teste.anefa.pt\/novo\/suscrio-de-revista\/"},"modified":"2021-02-05T19:27:08","modified_gmt":"2021-02-05T19:27:08","slug":"suscrio-de-revista","status":"publish","type":"page","link":"https:\/\/anefa.pt\/en\/suscrio-de-revista\/","title":{"rendered":"Assinatura"},"content":{"rendered":"<div class=\"form-wrapper\"\n  \n><\/p>\n<div class=\"form-inner-wrapper\">\n<form\n       data-form-id=\"56f18e5d9f726659673b0084\"\n       data-success-redirect=\"\"\n       autocomplete=\"on\"\n       \n       method=\"POST\"\n       action=\"https:\/\/anefa-anefa.squarespace.com\"\n       onsubmit=\"return (function (form) {\n  Y.use('squarespace-form-submit', 'node', function usingFormSubmit(Y) {\n    (new Y.Squarespace.FormSubmit(form)).submit({\n      formId: '56f18e5d9f726659673b0084',\n      collectionId: '',\n      objectName: ''\n    });\n  });\n  return false;\n})(this);\"\n       \n    ><\/p>\n<div class=\"field-list clear\">\n<div id=\"text-yui_3_17_2_1_1459793856169_75505\" class=\"form-item field text\">\n<p>            <label class=\"title\" for=\"text-yui_3_17_2_1_1459793856169_75505-field\"><br \/>\n              Nome<\/p>\n<p>            <\/label><\/p>\n<p>                <input\n                    class=\"field-element text\"\n                    type=\"text\"\n                    id=\"text-yui_3_17_2_1_1459793856169_75505-field\"\n                    \n                    \n                \/>\n              <\/div>\n<div id=\"email-yui_3_17_2_1_1458668315919_103172\" class=\"form-item field email\">\n<p>            <label class=\"title\" for=\"email-yui_3_17_2_1_1458668315919_103172-field\"><br \/>\n              E-mail <\/p>\n<p>            <\/label><\/p>\n<p>                <input\n                    class=\"field-element\"\n                    id=\"email-yui_3_17_2_1_1458668315919_103172-field\"\n                    name=\"email\"\n                    type=\"email\"\n                    autocomplete=\"email\"\n                    spellcheck=\"false\"\n                    \n                    \n                \/>\n              <\/div>\n<fieldset\n                  id=\"checkbox-yui_3_17_2_1_1458668315919_117626\"\n                  class=\"form-item field checkbox required\"\n                  aria-required=\"true\"\n              ><\/p>\n<legend class=\"title\">\n              Pretendo receber a revista em:<\/p>\n<p>                <span class=\"required\" aria-hidden=\"true\">*<\/span><\/p>\n<\/legend>\n<div class=\"option\"><label><input type=\"checkbox\" name=\"checkbox-yui_3_17_2_1_1458668315919_117626-field\" value=\"Formato PDF no meu e-mail\"\/> Formato PDF no meu e-mail<\/label><\/div>\n<div class=\"option\"><label><input type=\"checkbox\" name=\"checkbox-yui_3_17_2_1_1458668315919_117626-field\" value=\"Formato Papel para a morada indicada\"\/> Formato Papel para a morada indicada<\/label><\/div>\n<\/fieldset>\n<fieldset\n                  id=\"checkbox-yui_3_17_2_1_1458668315919_104142\"\n                  class=\"form-item field checkbox required\"\n                  aria-required=\"true\"\n              ><\/p>\n<legend class=\"title\">\n              Morada de Factura\u00e7\u00e3o<\/p>\n<p>                <span class=\"required\" aria-hidden=\"true\">*<\/span><\/p>\n<\/legend>\n<div class=\"option\"><label><input type=\"checkbox\" name=\"checkbox-yui_3_17_2_1_1458668315919_104142-field\" value=\"Mesma de envio\"\/> Mesma de envio<\/label><\/div>\n<div class=\"option\"><label><input type=\"checkbox\" name=\"checkbox-yui_3_17_2_1_1458668315919_104142-field\" value=\"Outra morada\"\/> Outra morada<\/label><\/div>\n<\/fieldset>\n<div id=\"textarea-yui_3_17_2_1_1459793856169_50633\" class=\"form-item field textarea\">\n<p>            <label class=\"title\" for=\"textarea-yui_3_17_2_1_1459793856169_50633-field\"><br \/>\n              Morada de Factura\u00e7\u00e3o<\/p>\n<p>            <\/label><\/p>\n<p>                <textarea\n                    class=\"field-element \"\n                    id=\"textarea-yui_3_17_2_1_1459793856169_50633-field\"\n                    \n                    \n                ><\/textarea>\n              <\/div>\n<div id=\"textarea-yui_3_17_2_1_1459793856169_49831\" class=\"form-item field textarea\">\n<p>            <label class=\"title\" for=\"textarea-yui_3_17_2_1_1459793856169_49831-field\"><br \/>\n              Morada de envio<\/p>\n<p>            <\/label><\/p>\n<p>                <textarea\n                    class=\"field-element \"\n                    id=\"textarea-yui_3_17_2_1_1459793856169_49831-field\"\n                    \n                    \n                ><\/textarea>\n              <\/div>\n<div id=\"number-yui_3_17_2_1_1458668315919_106699\" class=\"form-item field number\">\n<p>            <label class=\"title\" for=\"number-yui_3_17_2_1_1458668315919_106699-field\"><br \/>\n              NIF<\/p>\n<p>            <\/label><\/p>\n<p>                <input\n                    class=\"field-element\"\n                    type=\"text\"\n                    id=\"number-yui_3_17_2_1_1458668315919_106699-field\"\n                    spellcheck=\"false\"\n                    \n                    \n                \/>\n              <\/div>\n<\/p><\/div>\n<div data-animation-role=\"button\"\n        class=\"\n          form-button-wrapper\n          \n            form-button-wrapper--align-left\n          \n        \"\n      ><br \/>\n        <input class=\"button sqs-system-button sqs-editable-button\" type=\"submit\" value=\"ENVIAR\"\/>\n      <\/div>\n<div class=\"hidden form-submission-text\">\n<p>Obrigada. Iremos enviar um email para a sua conta com os dados de pagamento.<\/p>\n<\/div>\n<div class=\"hidden form-submission-html\" data-submission-html=\"\"><\/div>\n<\/p><\/form>\n<\/p><\/div>\n<\/div>\n<p>Ap\u00f3s o envio dos seus dados, iremos enviar para o seu email os dados para pagamento. Agradecemos o envio do comprovativo de pagamento.<\/p>\n","protected":false},"excerpt":{"rendered":"<p>Nome E-mail Pretendo receber a revista em: * Formato PDF no meu e-mail Formato Papel para a morada indicada Morada de Factura\u00e7\u00e3o * Mesma de envio Outra morada Morada de Factura\u00e7\u00e3o Morada de envio NIF Obrigada. Iremos enviar um email para a sua conta com os dados de pagamento. Ap\u00f3s o envio dos seus dados, [&hellip;]<\/p>\n","protected":false},"author":1,"featured_media":0,"parent":0,"menu_order":0,"comment_status":"closed","ping_status":"closed","template":"","meta":{"_genesis_hide_title":false,"_genesis_hide_breadcrumbs":false,"_genesis_hide_singular_image":false,"_genesis_hide_footer_widgets":false,"_genesis_custom_body_class":"","_genesis_custom_post_class":"","_genesis_layout":"","footnotes":""},"class_list":{"0":"post-328","1":"page","2":"type-page","3":"status-publish","5":"entry"},"featured_image_src":null,"featured_image_src_square":null,"publishpress_future_action":{"enabled":false,"date":"2026-04-15 14:02:09","action":"change-status","newStatus":"draft","terms":[],"taxonomy":""},"_links":{"self":[{"href":"https:\/\/anefa.pt\/en\/wp-json\/wp\/v2\/pages\/328"}],"collection":[{"href":"https:\/\/anefa.pt\/en\/wp-json\/wp\/v2\/pages"}],"about":[{"href":"https:\/\/anefa.pt\/en\/wp-json\/wp\/v2\/types\/page"}],"author":[{"embeddable":true,"href":"https:\/\/anefa.pt\/en\/wp-json\/wp\/v2\/users\/1"}],"replies":[{"embeddable":true,"href":"https:\/\/anefa.pt\/en\/wp-json\/wp\/v2\/comments?post=328"}],"version-history":[{"count":0,"href":"https:\/\/anefa.pt\/en\/wp-json\/wp\/v2\/pages\/328\/revisions"}],"wp:attachment":[{"href":"https:\/\/anefa.pt\/en\/wp-json\/wp\/v2\/media?parent=328"}],"curies":[{"name":"wp","href":"https:\/\/api.w.org\/{rel}","templated":true}]}}