{"id":273,"date":"2021-02-05T19:27:05","date_gmt":"2021-02-05T19:27:05","guid":{"rendered":"https:\/\/teste.anefa.pt\/novo\/anefa\/"},"modified":"2024-02-05T15:04:27","modified_gmt":"2024-02-05T15:04:27","slug":"sobre-nos","status":"publish","type":"page","link":"https:\/\/anefa.pt\/en\/sobre-nos\/","title":{"rendered":"Sobre n\u00f3s"},"content":{"rendered":"\n<div style=\"height:24px\" aria-hidden=\"true\" class=\"wp-block-spacer\"><\/div>\n\n\n\n<h2 class=\"wp-block-heading\">Apresenta\u00e7\u00e3o<\/h2>\n\n\n\n<hr class=\"wp-block-separator has-css-opacity is-style-theme-separator\"\/>\n\n\n\n<p>A ANEFA foi constitu\u00edda em Junho de 1989, ent\u00e3o com a designa\u00e7\u00e3o de Associa\u00e7\u00e3o Nacional de Empreiteiros Florestais e Agr\u00edcolas, aglutinando micro e pequenas empresas de presta\u00e7\u00e3o de servi\u00e7os, quer em nome individual quer colectivo. <\/p>\n\n\n\n<p>Nesta primeira fase, assumiam particular destaque as empresas de empreiteiros e de alugadores de m\u00e1quinas sobretudo ligadas \u00e0s opera\u00e7\u00f5es de arboriza\u00e7\u00e3o e constru\u00e7\u00e3o e beneficia\u00e7\u00e3o de infra-estruturas agr\u00e1rias.<\/p>\n\n\n\n<p>J\u00e1 no in\u00edcio de 1995, face \u00e0 expans\u00e3o de algumas associadas e \u00e0 ades\u00e3o de novas empresas, associa \u00e0 execu\u00e7\u00e3o de trabalhos florestais e agr\u00edcolas a componente dos servi\u00e7os t\u00e9cnicos, nas vertentes de elabora\u00e7\u00e3o de estudos e de projectos de investimento, bem como dos servi\u00e7os de consultoria e assessoria t\u00e9cnica a agricultores e propriet\u00e1rios florestais.<\/p>\n\n\n\n<p>Em Setembro de 1997, a ANEFA passa oficialmente a possuir a designa\u00e7\u00e3o de Associa\u00e7\u00e3o Nacional de Empresas Florestais, Agr\u00edcolas e do Ambiente, passando a aglutinar os interesses de um vasto conjunto de empresas, quer de servi\u00e7os t\u00e9cnicos, quer de produ\u00e7\u00e3o de plantas (viveiristas) e de trabalhos florestais, agr\u00edcolas e de espa\u00e7os verdes e jardinagem em todas as fases do ciclo produtivo, englobando ainda a transforma\u00e7\u00e3o e comercializa\u00e7\u00e3o de produtos agr\u00e1rios.<\/p>\n\n\n\n<p>Em Junho de 2016, a APEV \u2013 Associa\u00e7\u00e3o Portuguesa de Espa\u00e7os Verdes, une-se a ANEFA, passando esta a ser o \u00fanico representante em Portugal do sector dos Espa\u00e7os Verdes.<\/p>\n\n\n\n<p>Com impacte nos sectores que representa a n\u00edvel nacional, a ANEFA mant\u00e9m desde 1989 uma presen\u00e7a ass\u00eddua em diferentes grupos de trabalho e junto das Institui\u00e7\u00f5es Oficiais, a n\u00edvel nacional e no estrangeiro, facto que lhe tem proporcionado intervir nas principais quest\u00f5es que respeitam \u00e0s suas \u00e1reas de interven\u00e7\u00e3o, quer em defesa dos interesses das empresas suas associadas quer da Agricultura, Florestas e do Ambiente.<\/p>\n\n\n\n<p>A ANEFA, Associa\u00e7\u00e3o Nacional de Empresas Florestais, Agr\u00edcolas e do Ambiente criou esta p\u00e1gina como cart\u00e3o-de-visita da \u00fanica organiza\u00e7\u00e3o nacional representativa das empresas de presta\u00e7\u00e3o de servi\u00e7os nos sectores florestal, agr\u00edcola, e dos espa\u00e7os verdes.<\/p>\n\n\n\n<p>Aqui poder\u00e1 ficar a conhecer quem somos, quais os nossos objectivos e as actividades que desenvolvemos em prol da Agricultura, das Florestas, do Ordenamento do Territ\u00f3rio, dos Espa\u00e7os Verdes e do Desenvolvimento Sustent\u00e1vel do Mundo Rural.<\/p>\n\n\n\n<p>Pode ainda entrar em contacto com as empresas associadas, quer para consulta ou assessoria t\u00e9cnica, na elabora\u00e7\u00e3o de estudos t\u00e9cnico-financeiros e de projectos de investimento, quer para a aquisi\u00e7\u00e3o de plantas de viveiro, para a execu\u00e7\u00e3o de obras em infra-estruturas ou de instala\u00e7\u00e3o e condu\u00e7\u00e3o de culturas, para a contrata\u00e7\u00e3o de levantamentos topogr\u00e1ficos e elabora\u00e7\u00e3o de cartografia, e para a comercializa\u00e7\u00e3o dos produtos da sua explora\u00e7\u00e3o agr\u00edcola e florestal ou a presta\u00e7\u00e3o de outros servi\u00e7os associados aos sectores representados pela ANEFA.<\/p>\n\n\n\n<p>No final da sua visita n\u00e3o deixe de nos expressar a sua opini\u00e3o, bem como eventuais sugest\u00f5es e propostas para a melhoria deste site, o que muito agradecemos.<\/p>\n\n\n\n<p>Estamos igualmente dispon\u00edveis para esclarecimentos adicionais, bem como para a resposta a pedidos de informa\u00e7\u00f5es ou de documenta\u00e7\u00e3o, sempre que dispon\u00edvel.<\/p>\n\n\n\n<div style=\"height:32px\" aria-hidden=\"true\" class=\"wp-block-spacer\"><\/div>\n\n\n\n<h2 class=\"wp-block-heading\">Representatividade e Coopera\u00e7\u00e3o<\/h2>\n\n\n\n<hr class=\"wp-block-separator has-css-opacity is-style-theme-separator\"\/>\n\n\n\n<p>A ANEFA representa um universo de micro, pequenas e m\u00e9dias empresas de servi\u00e7os, com um volume de emprego correspondente a cerca de 9.000 postos de trabalho permanente e um volume de neg\u00f3cios anual superior a 500 milh\u00f5es de euros.<\/p>\n\n\n\n<p>Enquanto associa\u00e7\u00e3o patronal, a ANEFA subscreve com o <a href=\"https:\/\/anefa.pt\/wp-content\/uploads\/2023\/11\/CCT_ANEFA-2022.pdf\" data-type=\"link\" data-id=\"https:\/\/anefa.pt\/wp-content\/uploads\/2023\/11\/CCT_ANEFA-2022.pdf\">SETAAB &#8211; Sindicato da Agricultura Alimenta\u00e7\u00e3o e Florestas<\/a> a conven\u00e7\u00e3o coletiva de trabalho (CCT) que vincula a atividade das empresas nela associadas. Tal conven\u00e7\u00e3o \u00e9 posteriormente objeto de extens\u00e3o \u00e0s rela\u00e7\u00f5es de trabalho estabelecidas entre entidades patronais n\u00e3o inscritas na ANEFA, que, na \u00e1rea de aplica\u00e7\u00e3o da CCT exer\u00e7am a atividade econ\u00f3mica por esta abrangida e os trabalhadores ao seu servi\u00e7o nas profiss\u00f5es a\u00ed previstas.<\/p>\n\n\n\n<p>Na qualidade de representante dos interesses de um vasto conjunto de empresas dos sectores florestal, agr\u00edcola e do ambiente, a ANEFA est\u00e1 hoje envolvida nos trabalhos de m\u00faltiplos Conselhos, Comiss\u00f5es, Grupos de Trabalho, no \u00e2mbito do <a rel=\"noreferrer noopener\" href=\"http:\/\/www.portugal.gov.pt\/pt\/ministerios\/mafdr.aspx\" target=\"_blank\">Minist\u00e9rio da Agricultura, Florestas e Desenvolvimento Rural<\/a>, <a rel=\"noreferrer noopener\" href=\"http:\/\/www.portugal.gov.pt\/pt\/ministerios\/mm.aspx\" target=\"_blank\">do Mar<\/a>, <a rel=\"noreferrer noopener\" href=\"http:\/\/www.portugal.gov.pt\/pt\/ministerios\/mamb.aspx\" target=\"_blank\">Ambiente e Ordenamento do Territ\u00f3rio<\/a>, do <a rel=\"noreferrer noopener\" href=\"http:\/\/www.portugal.gov.pt\/pt\/ministerios\/meco.aspx\" target=\"_blank\">Minist\u00e9rio da Economia<\/a> e do <a rel=\"noreferrer noopener\" href=\"http:\/\/www.portugal.gov.pt\/pt\/ministerios\/mtsss.aspx\" target=\"_blank\">Trabalho<\/a>. <\/p>\n\n\n\n<p>S\u00e3o exemplo a participa\u00e7\u00e3o no Conselho Florestal Nacional, no Conselho Consultivo para a Fitossanidade Florestal, na Comiss\u00e3o Consultiva da Mecaniza\u00e7\u00e3o Agr\u00e1ria, na <a rel=\"noreferrer noopener\" href=\"http:\/\/www.act.gov.pt\/(pt-PT)\/Paginas\/default.aspx\" target=\"_blank\">ACT<\/a> atrav\u00e9s da coopera\u00e7\u00e3o em actividades de preven\u00e7\u00e3o de acidentes de trabalh\u00e3o, entre outras.<\/p>\n\n\n\n<p>Com assento na <a rel=\"noreferrer noopener\" href=\"http:\/\/www.dgadr.mamaot.pt\/mecanizacao\/caof\" target=\"_blank\">CAOF \u2013 Comiss\u00e3o de Acompanhamento das Opera\u00e7\u00f5es Florestais<\/a>, que tem por miss\u00e3o permanente o estudo e actualiza\u00e7\u00e3o dos custos e tempos de trabalho para a elabora\u00e7\u00e3o de matrizes de refer\u00eancia, das diversas opera\u00e7\u00f5es florestais, desde a arboriza\u00e7\u00e3o, manuten\u00e7\u00e3o e condu\u00e7\u00e3o dos povoamentos, at\u00e9 \u00e0 explora\u00e7\u00e3o florestal, a ANEFA colabora com o ICNF, o IFAP e o GPP.<\/p>\n\n\n\n<p>Tem ainda participa\u00e7\u00e3o activa nas reuni\u00f5es plen\u00e1rias da Comiss\u00e3o T\u00e9cnica 145 \u2013 Gest\u00e3o Florestal Sustent\u00e1vel, fazendo parte da Subcomiss\u00e3o <a href=\"http:\/\/www.pefc.pt\/\" target=\"_blank\" rel=\"noreferrer noopener\">PEFC \u2122 (<em>Programme for the Endorsement of Forest Certification<\/em>)<\/a> para Portugal e da Subcomiss\u00e3o <a href=\"https:\/\/pt.fsc.org\/pt-pt\" target=\"_blank\" rel=\"noreferrer noopener\">FSC\u00ae (<em>Forest Stewardship Council)<\/em><\/a> e respectivas subcomiss\u00f5es e Grupos de Trabalho.<\/p>\n\n\n\n<p>A ANEFA desenvolve igualmente rela\u00e7\u00f5es muito pr\u00f3ximas com os demais representantes dos agentes econ\u00f3micos envolvidos nos sectores da agricultura, florestas, desenvolvimento rural e ambiente.<\/p>\n\n\n\n<p>Associada da <a href=\"http:\/\/cip.org.pt\" target=\"_blank\" rel=\"noreferrer noopener\">CIP \u2013 Confedera\u00e7\u00e3o Empresarial de Portugal<\/a>, a ANEFA \u00e9 parceira de outras Associa\u00e7\u00f5es da fileira florestal, nomeadamente da <a href=\"http:\/\/www.celpa.pt\" target=\"_blank\" rel=\"noreferrer noopener\">CELPA \u2013 Associa\u00e7\u00e3o da Ind\u00fastria Papeleira<\/a>, da <a href=\"http:\/\/aimmp.pt\" target=\"_blank\" rel=\"noreferrer noopener\">AIMMP \u2013 Associa\u00e7\u00e3o das Ind\u00fastrias da Madeira e Mobili\u00e1rio de Portugal<\/a>, etc.<\/p>\n\n\n\n<p>No plano externo, a ANEFA \u00e9 membro de Direc\u00e7\u00e3o da ENFE &#8211; Rede Europeia de Empres\u00e1rios Florestais e filiada na <a href=\"http:\/\/www.efna.co.uk\">EFNA \u2013 Associa\u00e7\u00e3o Europeia de Viveiristas Florestais<\/a> e da <a rel=\"noreferrer noopener\" href=\"http:\/\/www.ceettar.eu\/\" target=\"_blank\">CEETTAR &#8211; Confedera\u00e7\u00e3o Europeia das Empresas T\u00e9cnicas de Trabalhos Agr\u00edcolas e Rurais<\/a>.<\/p>\n\n\n\n<div style=\"height:32px\" aria-hidden=\"true\" class=\"wp-block-spacer\"><\/div>\n\n\n\n<h1 class=\"wp-block-heading\">Corpos Sociais<\/h1>\n\n\n\n<hr class=\"wp-block-separator has-css-opacity is-style-theme-separator\"\/>\n\n\n\n<div class=\"wp-block-columns is-layout-flex wp-container-core-columns-is-layout-1 wp-block-columns-is-layout-flex\">\n<div class=\"wp-block-column is-layout-flow wp-block-column-is-layout-flow\">\n<h3 class=\"wp-block-heading\"><strong>Mesa da Assembleia Geral<\/strong><\/h3>\n\n\n\n<div style=\"height:32px\" aria-hidden=\"true\" class=\"wp-block-spacer\"><\/div>\n\n\n\n<p><strong>Presidente<\/strong><br>Ant\u00f3nio Loureiro<br>(Unimadeiras S.A.)<\/p>\n\n\n\n<div style=\"height:16px\" aria-hidden=\"true\" class=\"wp-block-spacer\"><\/div>\n\n\n\n<p><strong>Vice-Presidente<\/strong><br>Filipe Roque<br>(Igal, Lda)<\/p>\n\n\n\n<div style=\"height:16px\" aria-hidden=\"true\" class=\"wp-block-spacer\"><\/div>\n\n\n\n<p><strong>Secret\u00e1rio<\/strong><br>Susana Br\u00edgido<br>(2BForest, Lda)<\/p>\n\n\n\n<div style=\"height:16px\" aria-hidden=\"true\" class=\"wp-block-spacer\"><\/div>\n\n\n\n<h3 class=\"wp-block-heading\"><strong>Dire\u00e7\u00e3o<\/strong><\/h3>\n\n\n\n<p><strong>Presidente<\/strong><br>Pedro Serra Ramos<br>(Forestfin, Lda)<\/p>\n\n\n\n<div style=\"height:16px\" aria-hidden=\"true\" class=\"wp-block-spacer\"><\/div>\n\n\n\n<p><strong>Vice-Presidente<\/strong><br>Manuel Lu\u00eds<br>(Florestas Sustent\u00e1veis, Lda)<\/p>\n\n\n\n<div style=\"height:16px\" aria-hidden=\"true\" class=\"wp-block-spacer\"><\/div>\n\n\n\n<p><strong>Tesoureiro<\/strong><br>Jos\u00e9 Lu\u00eds Andr\u00e9<br>(Gestiverde, Lda)<\/p>\n\n\n\n<div style=\"height:16px\" aria-hidden=\"true\" class=\"wp-block-spacer\"><\/div>\n\n\n\n<p><strong>Vogal<\/strong><br>Jos\u00e9 Gomes Aires<br>(Terra Team, Lda)<\/p>\n\n\n\n<div style=\"height:16px\" aria-hidden=\"true\" class=\"wp-block-spacer\"><\/div>\n\n\n\n<p><strong>Vogal<\/strong><br>C\u00e9lia Marques<br>(C\u00e9lia Marques, Lda)<\/p>\n<\/div>\n\n\n\n<div class=\"wp-block-column is-layout-flow wp-block-column-is-layout-flow\">\n<h3 class=\"wp-block-heading\"><strong>Conselho Fiscal<\/strong><\/h3>\n\n\n\n<div style=\"height:32px\" aria-hidden=\"true\" class=\"wp-block-spacer\"><\/div>\n\n\n\n<p><strong>Presidente<\/strong><br>Gon\u00e7alo Potier Dias<br>(Consagri S.A.)<\/p>\n\n\n\n<div style=\"height:16px\" aria-hidden=\"true\" class=\"wp-block-spacer\"><\/div>\n\n\n\n<p><strong>1.\u00ba Vogal<\/strong><br>Daniel Montes<br>(O Trevo, Lda)<\/p>\n\n\n\n<div style=\"height:16px\" aria-hidden=\"true\" class=\"wp-block-spacer\"><\/div>\n\n\n\n<p><strong>2.\u00ba Vogal<br><\/strong>Pedro Pinho<br>(PHPinho, Lda)<\/p>\n<\/div>\n<\/div>\n\n\n\n<div style=\"height:24px\" aria-hidden=\"true\" class=\"wp-block-spacer\"><\/div>\n\n\n\n<h3 class=\"wp-block-heading\"><a href=\"https:\/\/anefa.pt\/wp-content\/uploads\/2023\/07\/BTE-Alteracao-Estatutos-Julho-2023pdf.pdf\" data-type=\"URL\" data-id=\"https:\/\/anefa.pt\/wp-content\/uploads\/2023\/07\/BTE-Alteracao-Estatutos-Julho-2023pdf.pdf\">Consultar altera\u00e7\u00e3o aos Estatutos<\/a><\/h3>\n\n\n\n<p>Altera\u00e7\u00e3o de estatutos aprovada em 25 de novembro de 2021, com \u00faltima publica\u00e7\u00e3o no Boletim do Trabalho e Emprego, n.\u00ba 10, de mar\u00e7o de 2015.<\/p>\n\n\n\n<h3 class=\"wp-block-heading\"><a href=\"https:\/\/anefa.pt\/wp-content\/uploads\/2021\/05\/EstatutosANEFA.pdf\">Consultar Estatutos<\/a><\/h3>\n","protected":false},"excerpt":{"rendered":"<p>Apresenta\u00e7\u00e3o A ANEFA foi constitu\u00edda em Junho de 1989, ent\u00e3o com a designa\u00e7\u00e3o de Associa\u00e7\u00e3o Nacional de Empreiteiros Florestais e Agr\u00edcolas, aglutinando micro e pequenas empresas de presta\u00e7\u00e3o de servi\u00e7os, quer em nome individual quer colectivo. Nesta primeira fase, assumiam particular destaque as empresas de empreiteiros e de alugadores de m\u00e1quinas sobretudo ligadas \u00e0s opera\u00e7\u00f5es [&hellip;]<\/p>\n","protected":false},"author":1,"featured_media":0,"parent":0,"menu_order":0,"comment_status":"closed","ping_status":"closed","template":"","meta":{"_genesis_hide_title":false,"_genesis_hide_breadcrumbs":false,"_genesis_hide_singular_image":false,"_genesis_hide_footer_widgets":false,"_genesis_custom_body_class":"","_genesis_custom_post_class":"","_genesis_layout":"","footnotes":""},"class_list":{"0":"post-273","1":"page","2":"type-page","3":"status-publish","5":"entry"},"featured_image_src":null,"featured_image_src_square":null,"publishpress_future_action":{"enabled":false,"date":"2026-04-15 10:19:44","action":"change-status","newStatus":"draft","terms":[],"taxonomy":""},"_links":{"self":[{"href":"https:\/\/anefa.pt\/en\/wp-json\/wp\/v2\/pages\/273"}],"collection":[{"href":"https:\/\/anefa.pt\/en\/wp-json\/wp\/v2\/pages"}],"about":[{"href":"https:\/\/anefa.pt\/en\/wp-json\/wp\/v2\/types\/page"}],"author":[{"embeddable":true,"href":"https:\/\/anefa.pt\/en\/wp-json\/wp\/v2\/users\/1"}],"replies":[{"embeddable":true,"href":"https:\/\/anefa.pt\/en\/wp-json\/wp\/v2\/comments?post=273"}],"version-history":[{"count":0,"href":"https:\/\/anefa.pt\/en\/wp-json\/wp\/v2\/pages\/273\/revisions"}],"wp:attachment":[{"href":"https:\/\/anefa.pt\/en\/wp-json\/wp\/v2\/media?parent=273"}],"curies":[{"name":"wp","href":"https:\/\/api.w.org\/{rel}","templated":true}]}}