{"id":1987,"date":"2021-08-19T16:04:52","date_gmt":"2021-08-19T16:04:52","guid":{"rendered":"https:\/\/anefa.pt\/?page_id=1987"},"modified":"2022-04-09T13:47:15","modified_gmt":"2022-04-09T13:47:15","slug":"agroglobal-7-8-e-9-de-setembro","status":"publish","type":"page","link":"https:\/\/anefa.pt\/en\/agroglobal-7-8-e-9-de-setembro\/","title":{"rendered":"Feiras"},"content":{"rendered":"\n[ux_image id=&#8221;2081&#8243; height=&#8221;50%&#8221;]\n\n<p>&nbsp;<\/p>\n<h1>NACIONAIS<\/h1>\n[row]\n\n[col span=&#8221;4&#8243; span__sm=&#8221;12&#8243;]\n\n[ux_image id=&#8221;2842&#8243; height=&#8221;50%&#8221; link=&#8221;https:\/\/expoflorestal.pt\/pt\/&#8221; target=&#8221;_blank&#8221;]\n\n<h3><a href=\"https:\/\/expoflorestal.pt\/pt\/\">12\u00aa EXPOLORESTAL 27, 28 e 29 de Maio 2022<\/a><\/h3>\n<ul>\n<li><a href=\"https:\/\/www.google.com\/maps\/place\/40%C2%B042'13.0%22N+8%C2%B029'58.7%22W\/@40.7036111,-8.4996389,17z\/data=!3m1!4b1!4m5!3m4!1s0x0:0x0!8m2!3d40.7036111!4d-8.4996389\"><span class=\"capital-first\">Portugal, Albergaria-a-Velha<\/span><\/a><\/li>\n<\/ul>\n\n[\/col]\n[col span=&#8221;4&#8243; span__sm=&#8221;12&#8243;]\n\n[ux_image id=&#8221;2844&#8243; height=&#8221;50%&#8221; link=&#8221;https:\/\/www.ovibeja.pt\/&#8221; target=&#8221;_blank&#8221;]\n\n<h3><a href=\"https:\/\/www.ovibeja.pt\/\">38\u00aa OVIBEJA 21 a 25 de Abril 2022<\/a><\/h3>\n<ul>\n<li><a href=\"https:\/\/www.google.pt\/maps\/place\/Ovibeja\/@38.0038019,-7.8583165,17z\/data=!3m1!4b1!4m5!3m4!1s0xd1a7463f997f90b:0x9c9e60b8b42711c5!8m2!3d38.0037977!4d-7.8561278?hl=pt-PT\">Portugal,\u00a0<span class=\"capital-first\">Beja<\/span><\/a><\/li>\n<\/ul>\n\n[\/col]\n[col span=&#8221;4&#8243; span__sm=&#8221;12&#8243;]\n\n[ux_image id=&#8221;2253&#8243; height=&#8221;50%&#8221; link=&#8221;https:\/\/exposalao.pt\/pt\/feira\/expojardim&#8221; target=&#8221;_blank&#8221;]\n\n<h3><a href=\"https:\/\/exposalao.pt\/pt\/feira\/expojardim?eg_sub=7d0222c2d9&amp;eg_cam=567076257286aee8d6f0de70c57e1cba&amp;eg_list=164\">EXPOJARDIM &amp; URBAN GARDEN 7, 8 e 9 de Abril 2022<\/a><\/h3>\n<ul>\n<li><a href=\"https:\/\/www.google.com\/maps\/place\/Feira+Internacional+de+Lisboa\/@38.770853,-9.093921,16z\/data=!4m5!3m4!1s0x0:0x5f1f18c3a0e2ef71!8m2!3d38.770853!4d-9.093921?hl=pt-PT\">Portugal,\u00a0<span class=\"capital-first\">Lisboa<\/span><\/a><\/li>\n<\/ul>\n\n[\/col]\n[col span=&#8221;4&#8243; span__sm=&#8221;12&#8243;]\n\n[ux_image id=&#8221;2256&#8243; link=&#8221;https:\/\/www.visitportugal.com\/pt-pt\/content\/xxxvii-feira-da-castanha-festa-do-castanheiro-em-marv%C3%A3o-1&#8243;]\n\n<h3><a href=\"https:\/\/www.visitportugal.com\/pt-pt\/content\/xxxvii-feira-da-castanha-festa-do-castanheiro-em-marv%C3%A3o-1\">XXXVII Feira da Castanha 13 e 14 de Novembro<\/a><\/h3>\n<ul>\n<li><a href=\"https:\/\/www.visitportugal.com\/pt-pt\/mapas?lon=-7.376496&amp;lat=39.394726&amp;processed=0&amp;reg=35&amp;loc=62\"><span class=\"capital-first\">Portugal, Marv\u00e3o<\/span><\/a><\/li>\n<\/ul>\n\n[\/col]\n[col span=&#8221;4&#8243; span__sm=&#8221;12&#8243;]\n\n[ux_image id=&#8221;2453&#8243; height=&#8221;50%&#8221;]\n\n<h3><a href=\"https:\/\/enertech.pt\/enertech2021\/\"><span class=\"start-date\">ENERTECH- Feira das T\u00e9cnologias para as Energias\u00a0 no\u00a0 11, 12 e 13 Novembro\u00a0<\/span><\/a><\/h3>\n<ul>\n<li><a href=\"https:\/\/www.google.pt\/maps\/@40.3533456,-7.0759456,3a,75y,167.33h,83.66t\/data=!3m6!1e1!3m4!1sfkgbPOZw7PmFDy-JaQkEtA!2e0!7i13312!8i6656\"><span class=\"capital-first\">Portugal,<\/span> Sabugal<\/a><\/li>\n<\/ul>\n\n[\/col]\n[col span=&#8221;4&#8243; span__sm=&#8221;12&#8243;]\n\n[ux_image id=&#8221;2085&#8243; height=&#8221;50%&#8221;]\n\n<h3><a href=\"https:\/\/forumbraga.com\/Feiras\/Agro\">53\u00aa Agro &#8211; Feira Internacional de Agricultura, Pecu\u00e1ria e Alimenta\u00e7\u00e3o <span class=\"start-date\">16 <\/span><span class=\"date-connector\">a&nbsp;<\/span><span class=\"end-date\">19 de Setembro<\/span><\/a><\/h3>\n<ul>\n<li><a href=\"https:\/\/www.google.com\/maps\/place\/Altice+Forum+Braga\/@41.5415646,-8.4242152,17z\/data=!3m1!4b1!4m5!3m4!1s0xd24ffdbf01874ff:0x427d84011fd14b13!8m2!3d41.5415646!4d-8.4220265\"><span class=\"capital-first\">Portugal, Braga<\/span><\/a><\/li>\n<\/ul>\n\n[\/col]\n[col span=&#8221;4&#8243; span__sm=&#8221;12&#8243;]\n\n[ux_image id=&#8221;1926&#8243; height=&#8221;50%&#8221;]\n\n<h3><a href=\"https:\/\/www.agroglobal.pt\/\">AGROGLOBAL 7, 8 e 9 de Setembro<\/a><\/h3>\n<ul>\n<li><a href=\"https:\/\/www.google.com\/maps\/place\/Agroglobal\/@39.131126,-8.721689,9254m\/data=!3m1!1e3!4m5!3m4!1s0x0:0x136a76842b1ce73d!8m2!3d39.131126!4d-8.721689?hl=pt-PT\">Portugal,&nbsp;<span class=\"capital-first\">Valada Ribatejo<\/span><\/a><\/li>\n<\/ul>\n\n[\/col]\n\n[\/row]\n<h1>INTERNACIONAIS<\/h1>\n[row]\n\n[col span=&#8221;4&#8243; span__sm=&#8221;12&#8243;]\n\n[ux_image id=&#8221;3145&#8243; height=&#8221;50%&#8221;]\n\n<div class=\"market-title\">\n<h2><a href=\"https:\/\/www.galiforest.com\/\">Galiforest | 30 de Junho a 2 de Julho de 2022<\/a><\/h2>\n<\/div>\n<div class=\"market-details\">\n<ul class=\"fa-ul\">\n<li class=\"margin-bottom-10\"><i class=\"fa fa-map-marker fa-lg fa-li\" title=\"Localiza\u00e7\u00e3o\"><\/i><a href=\"https:\/\/www.google.com\/maps\/dir\/\/Galiforest+15881+Santiago+de+Compostela+A+Coru%C3%B1a\/@42.81798,-8.4564964,16z\/data=!4m8!4m7!1m0!1m5!1m1!1s0xd2faa5bf72949cb:0xf61cecb128f0477e!2m2!1d-8.4564964!2d42.81798\">Espanha, <span class=\"capital-first\">Galiza<\/span><\/a><\/li>\n<\/ul>\n<\/div>\n<p>\u00a0<\/p>\n\n[\/col]\n[col span=&#8221;4&#8243; span__sm=&#8221;12&#8243;]\n\n[ux_image id=&#8221;1842&#8243; height=&#8221;50%&#8221;]\n\n<div class=\"market-title\">\n<h2><a href=\"https:\/\/www.fruitlogistica.com\/\">Fruit Logistica | 9, 10 e 11 de Fevereiro 2022<\/a><\/h2>\n<\/div>\n<div class=\"market-details\">\n<ul class=\"fa-ul\">\n<li class=\"margin-bottom-10\"><i class=\"fa fa-map-marker fa-lg fa-li\" title=\"Localiza\u00e7\u00e3o\"><\/i><a href=\"https:\/\/www.fruitlogistica.com\/FRUIT-LOGISTICA\/Downloads-Alle-Sprachen\/Umgebungsplan_DE_EN_ES.pdf\">Alemanha, <span class=\"capital-first\">Berlim<\/span><\/a><\/li>\n<\/ul>\n<\/div>\n<p>&nbsp;<\/p>\n\n[\/col]\n[col span=&#8221;4&#8243; span__sm=&#8221;12&#8243;]\n\n[ux_image id=&#8221;2233&#8243; image_size=&#8221;original&#8221; height=&#8221;50.00%&#8221; link=&#8221;https:\/\/www.feriazaragoza.es\/fima-agricola-2022&#8243; target=&#8221;_blank&#8221;]\n\n<div class=\"market-title\">\n<div class=\"market-title\">\n<h2><a href=\"https:\/\/www.feriazaragoza.es\/fima-agricola-2022\">Fima Agr\u00edcola | 8 &#8211; 12 Fevereiro 2022<\/a><\/h2>\n<\/div>\n<div class=\"market-details\">\n<ul class=\"fa-ul\">\n<li class=\"margin-bottom-10\"><i class=\"fa fa-map-marker fa-lg fa-li\" title=\"Localiza\u00e7\u00e3o\"><\/i><a href=\"https:\/\/www.google.com\/maps?ll=41.629911,-0.978727&amp;z=12&amp;t=m&amp;hl=pt-PT&amp;gl=ES&amp;mapclient=embed&amp;cid=16130588451888348743\">Espanha,\u00a0<span class=\"capital-first\">Sarago\u00e7a<\/span><\/a><\/li>\n<\/ul>\n<\/div>\n<\/div>\n<div class=\"market-details\">\u00a0<\/div>\n<p>\u00a0<\/p>\n\n[\/col]\n[col span=&#8221;4&#8243; span__sm=&#8221;12&#8243;]\n\n[ux_image id=&#8221;2229&#8243; height=&#8221;50%&#8221; link=&#8221;https:\/\/iberflora.feriavalencia.com\/en\/&#8221; target=&#8221;_blank&#8221;]\n\n<div class=\"market-title\">\n<h2><a href=\"https:\/\/iberflora.feriavalencia.com\/\">IBERFLORA | 5, 6 e 7 de Outubro<\/a><\/h2>\n<\/div>\n<div class=\"market-details\">\n<ul class=\"fa-ul\">\n<li class=\"margin-bottom-10\"><i class=\"fa fa-map-marker fa-lg fa-li\" title=\"Localiza\u00e7\u00e3o\"><\/i><a href=\"https:\/\/www.google.com\/maps\/place\/Fira+Val%C3%A8ncia\/@39.504622,-0.428011,15z\/data=!4m5!3m4!1s0x0:0xa41b3b9e8bdd5bc1!8m2!3d39.5046217!4d-0.4280108?hl=pt-PT\">Espanha,\u00a0<span class=\"capital-first\">Val\u00eancia<\/span><\/a><\/li>\n<\/ul>\n<\/div>\n\n[\/col]\n[col span=&#8221;4&#8243; span__sm=&#8221;12&#8243;]\n\n[ux_image id=&#8221;2107&#8243; height=&#8221;50%&#8221;]\n\n<div class=\"market-title\">\n<h2><a href=\"https:\/\/www.expobiomasa.com\/\">Expobiomasa | 21, 22 e 23 de Setembro<\/a><\/h2>\n<\/div>\n<div class=\"market-details\">\n<ul class=\"fa-ul\">\n<li class=\"margin-bottom-10\"><i class=\"fa fa-map-marker fa-lg fa-li\" title=\"Localiza\u00e7\u00e3o\"><\/i><a href=\"https:\/\/www.google.com\/maps\/dir\/\/41.655832,-4.738036\/@41.655832,-4.738025,16z?hl=es-ES\">Espanha,&nbsp;<span class=\"capital-first\">Valladolid<\/span><\/a><\/li>\n<\/ul>\n<\/div>\n\n[\/col]\n[col span=&#8221;4&#8243; span__sm=&#8221;12&#8243;]\n\n[ux_image id=&#8221;2108&#8243;]\n\n<div class=\"market-title\">\n<h2><a href=\"https:\/\/www.organicfoodiberia.com\/pt\/bem-vindo-a-organic-food-iberia\/?lang=pt\">Organic Food Iberia | 8 a 9 de Setembro<\/a><\/h2>\n<\/div>\n<div class=\"market-details\">\n<ul class=\"fa-ul\">\n<li class=\"margin-bottom-10\"><i class=\"fa fa-map-marker fa-lg fa-li\" title=\"Localiza\u00e7\u00e3o\"><\/i><a href=\"https:\/\/www.google.com\/maps\/place\/IFEMA\/@40.467924,-3.61792,16z\/data=!4m5!3m4!1s0x0:0x801ce4be7e7a5eec!8m2!3d40.4679236!4d-3.6179202?hl=pt-PT\">Espanha,&nbsp;<span class=\"capital-first\">Madrid<\/span><\/a><\/li>\n<\/ul>\n<\/div>\n\n[\/col]\n\n[\/row]\n[row]\n\n[col span=&#8221;4&#8243; span__sm=&#8221;12&#8243;]\n\n\n[\/col]\n[col span=&#8221;4&#8243; span__sm=&#8221;12&#8243;]\n\n\n[\/col]\n[col span=&#8221;4&#8243; span__sm=&#8221;12&#8243;]\n\n\n[\/col]\n\n[\/row]\n\n","protected":false},"excerpt":{"rendered":"","protected":false},"author":1,"featured_media":1995,"parent":0,"menu_order":0,"comment_status":"closed","ping_status":"closed","template":"","meta":{"_genesis_hide_title":false,"_genesis_hide_breadcrumbs":false,"_genesis_hide_singular_image":false,"_genesis_hide_footer_widgets":false,"_genesis_custom_body_class":"","_genesis_custom_post_class":"","_genesis_layout":"","footnotes":""},"class_list":{"0":"post-1987","1":"page","2":"type-page","3":"status-publish","4":"has-post-thumbnail","6":"entry"},"featured_image_src":"https:\/\/anefa.pt\/wp-content\/uploads\/2021\/08\/IMG_20181012_213549-scaled.jpg","featured_image_src_square":"https:\/\/anefa.pt\/wp-content\/uploads\/2021\/08\/IMG_20181012_213549-scaled.jpg","publishpress_future_action":{"enabled":false,"date":"2026-04-11 12:47:44","action":"change-status","newStatus":"draft","terms":[],"taxonomy":""},"_links":{"self":[{"href":"https:\/\/anefa.pt\/en\/wp-json\/wp\/v2\/pages\/1987"}],"collection":[{"href":"https:\/\/anefa.pt\/en\/wp-json\/wp\/v2\/pages"}],"about":[{"href":"https:\/\/anefa.pt\/en\/wp-json\/wp\/v2\/types\/page"}],"author":[{"embeddable":true,"href":"https:\/\/anefa.pt\/en\/wp-json\/wp\/v2\/users\/1"}],"replies":[{"embeddable":true,"href":"https:\/\/anefa.pt\/en\/wp-json\/wp\/v2\/comments?post=1987"}],"version-history":[{"count":0,"href":"https:\/\/anefa.pt\/en\/wp-json\/wp\/v2\/pages\/1987\/revisions"}],"wp:featuredmedia":[{"embeddable":true,"href":"https:\/\/anefa.pt\/en\/wp-json\/wp\/v2\/media\/1995"}],"wp:attachment":[{"href":"https:\/\/anefa.pt\/en\/wp-json\/wp\/v2\/media?parent=1987"}],"curies":[{"name":"wp","href":"https:\/\/api.w.org\/{rel}","templated":true}]}}