{"id":1542,"date":"2021-05-29T17:09:52","date_gmt":"2021-05-29T17:09:52","guid":{"rendered":"https:\/\/anefa.pt\/?page_id=1542"},"modified":"2022-08-02T17:42:07","modified_gmt":"2022-08-02T17:42:07","slug":"cookies-propriedade-intelectual","status":"publish","type":"page","link":"https:\/\/anefa.pt\/en\/cookies-propriedade-intelectual\/","title":{"rendered":"Pol\u00edtica de cookies e propriedade intelectual"},"content":{"rendered":"\n<p>Informa\u00e7\u00e3o sobre os ficheiros de&nbsp;cookies<\/p>\n\n\n\n<p><strong>O que \u00e9 um&nbsp;cookie?<br><\/strong>Um&nbsp;cookie&nbsp;\u00e9 um pequeno ficheiro de texto que um site coloca no seu computador, telefone ou qualquer outro dispositivo com acesso \u00e0 internet, contendo informa\u00e7\u00e3o sobre a sua navega\u00e7\u00e3o nesse site.<br>Os&nbsp;cookies&nbsp;ret\u00eam apenas informa\u00e7\u00e3o relacionada com as suas prefer\u00eancias.<\/p>\n\n\n\n<p><strong>Para que servem os ficheiros de&nbsp;cookies?<br><\/strong>Os&nbsp;cookies&nbsp;s\u00e3o utilizados para facilitar a navega\u00e7\u00e3o e torn\u00e1-la mais simples&nbsp;e n\u00e3o danificam o seu dispositivo. Permitem uma navega\u00e7\u00e3o mais r\u00e1pida e eficiente, eliminando a necessidade de introduzir repetidamente as mesmas informa\u00e7\u00f5es.<\/p>\n\n\n\n<p><strong>Que tipo de&nbsp;cookies&nbsp;existem?<br><\/strong>Os&nbsp;cookies&nbsp;s\u00e3o classificados pelo seu ciclo de vida e dom\u00ednio a que pertencem.&nbsp;Relativamente ao ciclo de vida, os&nbsp;cookies&nbsp;podem ser:<br>Cookies&nbsp;persistentes: ficam residentes no seu dispositivo de acesso \u00e0 internet durante um determinado per\u00edodo de tempo;<br>Cookies&nbsp;de sess\u00e3o: s\u00e3o tempor\u00e1rios e s\u00e3o apagados do seu dispositivo de acesso \u00e0 internet, quando o browser \u00e9 fechado.<br>Quanto ao dom\u00ednio a que pertencem, os&nbsp;cookies&nbsp;podem ser:<br>Cookies&nbsp;pr\u00f3prios (First party cookies): s\u00e3o descarregados pelo website que est\u00e1 a visitar e partilham o mesmo dom\u00ednio;<br>Cookies&nbsp;de&nbsp;terceiros (Third party cookies): s\u00e3o descarregados para o seu dispositivo de acesso \u00e0 internet por websites de um dom\u00ednio diferente daquele que est\u00e1 a visitar.<\/p>\n\n\n\n<p><strong>Para que finalidades utilizamos&nbsp;cookies&nbsp;no nosso website?<br><\/strong>Os&nbsp;cookies&nbsp;no nosso website s\u00e3o utilizados para:<\/p>\n\n\n\n<ul class=\"wp-block-list\"><li>Melhorar a experi\u00eancia e a velocidade de navega\u00e7\u00e3o do visitante;<\/li><li>Analisar padr\u00f5es de tr\u00e1fego na internet, permitindo-nos identificar problemas e fornecer uma experi\u00eancia de navega\u00e7\u00e3o mais segura;<\/li><li>Recolher estat\u00edsticas sobre o n\u00famero de visitas e a forma como os visitantes navegam no nosso website;<\/li><li>Permitir a partilha de conte\u00fado nas redes sociais.<\/li><\/ul>\n\n\n\n<p><strong>\u00c9 poss\u00edvel desactivar a utiliza\u00e7\u00e3o de&nbsp;cookies?<br><\/strong>Sim, os&nbsp;cookies&nbsp;podem ser desactivados no seu navegador. Note-se, no entanto, que, ao desactivar os&nbsp;cookies, pode impedir que alguns servi\u00e7os da web funcionem correctamente, afectando, parcial ou totalmente, a navega\u00e7\u00e3o no website.<br>Se pretende bloquear ou apagar os&nbsp;cookies&nbsp;deste site, pode faz\u00ea-lo modificando a configura\u00e7\u00e3o do seu navegador. Embora a parametriza\u00e7\u00e3o de cada um seja diferente, \u00e9 comum que se configure no menu de &#8220;Prefer\u00eancias&#8221; ou &#8220;Ferramentas&#8221;. Para mais detalhes sobre a configura\u00e7\u00e3o dos&nbsp;cookies, consulte o menu &#8220;Ajuda&#8221; do seu navegador.\u200b<\/p>\n\n\n\n<p><strong>Considera\u00e7\u00f5es Finais<br><\/strong>A ANEFA reserva-se o direito de alterar a presente Pol\u00edtica de Cookies, pelo que aconselhamos a visita frequente a esta p\u00e1gina.<br>Clique&nbsp;<a href=\"https:\/\/pt.wikipedia.org\/wiki\/Cookie_(inform%C3%A1tica)\">aqui<\/a>&nbsp;para obter mais informa\u00e7\u00f5es sobre&nbsp;cookies.<\/p>\n\n\n\n<p><strong>Data da \u00faltima atualiza\u00e7\u00e3o: 27\/05\/2021<\/strong><\/p>\n\n\n\n<p><strong>Propriedade Intelectual<br><\/strong>Salvo excep\u00e7\u00f5es assinaladas e creditadas, 1) todos os v\u00eddeos, imagens, \u00e1udio e textos contidos em&nbsp;anef.pt, bem como este&nbsp;website, s\u00e3o propriedade intelectual da Associa\u00e7\u00e3o para a Nacional de Empresas Florestais Agr\u00edcolas e do Ambiente.<\/p>\n\n\n\n<p>Nenhum dos conte\u00fados mencionados acima pode ser copiado ou reproduzido em impress\u00e3o ou copiado para disco r\u00edgido com o objectivo de divulgar outros websites, indiv\u00edduos, institui\u00e7\u00f5es, ou outros, salvo com autoriza\u00e7\u00e3o pr\u00e9via da ANEFA.<\/p>\n\n\n\n<p>A reprodu\u00e7\u00e3o total, parcial ou alterada dos conte\u00fados mencionados acima para fins comerciais \u00e9 proibida, salvo com autoriza\u00e7\u00e3o pr\u00e9via da ANEFA.<\/p>\n\n\n\n<p>Todos os pedidos de autoriza\u00e7\u00e3o para a&nbsp;ANEFA devem ser dirigidos atrav\u00e9s do email&nbsp;geral[arroba]anefa.pt.<\/p>\n\n\n\n<p>Os conte\u00fados mencionados acima podem ser partilhados em websites e redes sociais de terceiros, desde que o conte\u00fado partilhado seja devidamente creditado de forma claramente vis\u00edvel. A ANEFA n\u00e3o se responsabiliza pelo conte\u00fado, websites e redes sociais de terceiros e reserva-se o direito de exigir a remo\u00e7\u00e3o dos conte\u00fados mencionados acima que sejam partilhados em qualquer website ou rede social de terceiros.<\/p>\n\n\n\n<p>Est\u00e3o proibidas partilhas dos conte\u00fados mencionados acima em websites e redes sociais que contenham conte\u00fados ofensivos, violentos, pornogr\u00e1ficos e ilegais.<\/p>\n\n\n\n<p>Est\u00e3o proibidos todos os links reenviando ao website, utilizando a t\u00e9cnica de framing ou de inline linking, entre outros m\u00e9todos semelhantes.<\/p>\n\n\n\n<p>Todos os log\u00f3tipos de entidades terceiras apresentados em&nbsp;anefa.pt s\u00e3o cedidos pelas entidades respectivas e s\u00e3o da inteira responsabilidade destas, podendo a&nbsp;ANEFA remover todos e qualquer log\u00f3tipo do website.<\/p>\n","protected":false},"excerpt":{"rendered":"<p>Informa\u00e7\u00e3o sobre os ficheiros de&nbsp;cookies O que \u00e9 um&nbsp;cookie?Um&nbsp;cookie&nbsp;\u00e9 um pequeno ficheiro de texto que um site coloca no seu computador, telefone ou qualquer outro dispositivo com acesso \u00e0 internet, contendo informa\u00e7\u00e3o sobre a sua navega\u00e7\u00e3o nesse site.Os&nbsp;cookies&nbsp;ret\u00eam apenas informa\u00e7\u00e3o relacionada com as suas prefer\u00eancias. Para que servem os ficheiros de&nbsp;cookies?Os&nbsp;cookies&nbsp;s\u00e3o utilizados para facilitar a [&hellip;]<\/p>\n","protected":false},"author":1,"featured_media":0,"parent":0,"menu_order":0,"comment_status":"closed","ping_status":"closed","template":"","meta":{"_genesis_hide_title":false,"_genesis_hide_breadcrumbs":false,"_genesis_hide_singular_image":false,"_genesis_hide_footer_widgets":false,"_genesis_custom_body_class":"","_genesis_custom_post_class":"","_genesis_layout":"","footnotes":""},"class_list":{"0":"post-1542","1":"page","2":"type-page","3":"status-publish","5":"entry"},"featured_image_src":null,"featured_image_src_square":null,"publishpress_future_action":{"enabled":false,"date":"2026-04-15 10:20:14","action":"change-status","newStatus":"draft","terms":[],"taxonomy":""},"_links":{"self":[{"href":"https:\/\/anefa.pt\/en\/wp-json\/wp\/v2\/pages\/1542"}],"collection":[{"href":"https:\/\/anefa.pt\/en\/wp-json\/wp\/v2\/pages"}],"about":[{"href":"https:\/\/anefa.pt\/en\/wp-json\/wp\/v2\/types\/page"}],"author":[{"embeddable":true,"href":"https:\/\/anefa.pt\/en\/wp-json\/wp\/v2\/users\/1"}],"replies":[{"embeddable":true,"href":"https:\/\/anefa.pt\/en\/wp-json\/wp\/v2\/comments?post=1542"}],"version-history":[{"count":0,"href":"https:\/\/anefa.pt\/en\/wp-json\/wp\/v2\/pages\/1542\/revisions"}],"wp:attachment":[{"href":"https:\/\/anefa.pt\/en\/wp-json\/wp\/v2\/media?parent=1542"}],"curies":[{"name":"wp","href":"https:\/\/api.w.org\/{rel}","templated":true}]}}